{"id":19,"date":"2026-03-02T14:55:47","date_gmt":"2026-03-02T14:55:47","guid":{"rendered":"https:\/\/thiagobarbosaadv.com.br\/?page_id=19"},"modified":"2026-03-03T18:14:18","modified_gmt":"2026-03-03T18:14:18","slug":"construcao","status":"publish","type":"page","link":"https:\/\/thiagobarbosaadv.com.br\/","title":{"rendered":"constru\u00e7\u00e3o"},"content":{"rendered":"\t\t<div data-elementor-type=\"wp-page\" data-elementor-id=\"19\" class=\"elementor elementor-19\">\n\t\t\t\t<div class=\"elementor-element elementor-element-16305717 e-flex e-con-boxed e-con e-parent\" data-id=\"16305717\" data-element_type=\"container\" data-e-type=\"container\" data-settings=\"{&quot;background_background&quot;:&quot;classic&quot;}\">\n\t\t\t\t\t<div class=\"e-con-inner\">\n\t\t<div class=\"elementor-element elementor-element-43d317cf e-con-full e-flex e-con e-child\" data-id=\"43d317cf\" data-element_type=\"container\" data-e-type=\"container\">\n\t\t\t\t<div class=\"elementor-element elementor-element-811878d elementor-widget elementor-widget-image\" data-id=\"811878d\" data-element_type=\"widget\" data-e-type=\"widget\" data-widget_type=\"image.default\">\n\t\t\t\t\t\t\t\t\t\t\t\t\t\t\t<img fetchpriority=\"high\" decoding=\"async\" width=\"640\" height=\"640\" src=\"https:\/\/thiagobarbosaadv.com.br\/wp-content\/uploads\/2026\/03\/2f611779-25ef-4184-a68c-aa2916301d26.jpg\" class=\"attachment-full size-full wp-image-36\" alt=\"\" srcset=\"https:\/\/thiagobarbosaadv.com.br\/wp-content\/uploads\/2026\/03\/2f611779-25ef-4184-a68c-aa2916301d26.jpg 640w, https:\/\/thiagobarbosaadv.com.br\/wp-content\/uploads\/2026\/03\/2f611779-25ef-4184-a68c-aa2916301d26-300x300.jpg 300w, https:\/\/thiagobarbosaadv.com.br\/wp-content\/uploads\/2026\/03\/2f611779-25ef-4184-a68c-aa2916301d26-150x150.jpg 150w\" sizes=\"(max-width: 640px) 100vw, 640px\" \/>\t\t\t\t\t\t\t\t\t\t\t\t\t\t\t<\/div>\n\t\t\t\t<\/div>\n\t\t<div class=\"elementor-element elementor-element-18a18c6c e-con-full e-flex e-con e-child\" data-id=\"18a18c6c\" data-element_type=\"container\" data-e-type=\"container\">\n\t\t\t\t<div class=\"elementor-element elementor-element-396e4ab elementor-widget elementor-widget-image-box\" data-id=\"396e4ab\" data-element_type=\"widget\" data-e-type=\"widget\" data-widget_type=\"image-box.default\">\n\t\t\t\t\t<div class=\"elementor-image-box-wrapper\"><div class=\"elementor-image-box-content\"><h3 class=\"elementor-image-box-title\">Conhe\u00e7a Thiago Barbosa<\/h3><p class=\"elementor-image-box-description\">Sou advogado a 14 anos, formado na Universidade C\u00e2ndido Mendes e P\u00f3s Graduado na mesma institui\u00e7\u00e3o. Hoje sou especialista em Direito Banc\u00e1rio atuando na reestrutura\u00e7\u00e3o de passivos banc\u00e1rios.<\/p><\/div><\/div>\t\t\t\t<\/div>\n\t\t\t\t<div class=\"elementor-element elementor-element-64f51fe0 elementor-widget elementor-widget-heading\" data-id=\"64f51fe0\" data-element_type=\"widget\" data-e-type=\"widget\" data-widget_type=\"heading.default\">\n\t\t\t\t\t<h2 class=\"elementor-heading-title elementor-size-default\">Copyright \u00a9 2017 | Thiago Barbosa Sociedade Individual de Advocacia<br>\nCNPJ: 503776090001-52 | Todos os Direitos Reservados. Feito por Pixel Ag\u00eancia de Marketing Digital<\/h2>\t\t\t\t<\/div>\n\t\t\t\t<\/div>\n\t\t\t\t\t<\/div>\n\t\t\t\t<\/div>\n\t\t\t\t<\/div>\n\t\t","protected":false},"excerpt":{"rendered":"<p>Conhe\u00e7a Thiago Barbosa Sou advogado a 14 anos, formado na Universidade C\u00e2ndido Mendes e P\u00f3s Graduado na mesma institui\u00e7\u00e3o. Hoje sou especialista em Direito Banc\u00e1rio atuando na reestrutura\u00e7\u00e3o de passivos banc\u00e1rios. Copyright \u00a9 2017 | Thiago Barbosa Sociedade Individual de Advocacia CNPJ: 503776090001-52 | Todos os Direitos Reservados. Feito por Pixel Ag\u00eancia de Marketing Digital<\/p>\n","protected":false},"author":1,"featured_media":0,"parent":0,"menu_order":0,"comment_status":"closed","ping_status":"closed","template":"elementor_canvas","meta":{"footnotes":""},"class_list":["post-19","page","type-page","status-publish","hentry"],"_links":{"self":[{"href":"https:\/\/thiagobarbosaadv.com.br\/index.php\/wp-json\/wp\/v2\/pages\/19","targetHints":{"allow":["GET"]}}],"collection":[{"href":"https:\/\/thiagobarbosaadv.com.br\/index.php\/wp-json\/wp\/v2\/pages"}],"about":[{"href":"https:\/\/thiagobarbosaadv.com.br\/index.php\/wp-json\/wp\/v2\/types\/page"}],"author":[{"embeddable":true,"href":"https:\/\/thiagobarbosaadv.com.br\/index.php\/wp-json\/wp\/v2\/users\/1"}],"replies":[{"embeddable":true,"href":"https:\/\/thiagobarbosaadv.com.br\/index.php\/wp-json\/wp\/v2\/comments?post=19"}],"version-history":[{"count":28,"href":"https:\/\/thiagobarbosaadv.com.br\/index.php\/wp-json\/wp\/v2\/pages\/19\/revisions"}],"predecessor-version":[{"id":52,"href":"https:\/\/thiagobarbosaadv.com.br\/index.php\/wp-json\/wp\/v2\/pages\/19\/revisions\/52"}],"wp:attachment":[{"href":"https:\/\/thiagobarbosaadv.com.br\/index.php\/wp-json\/wp\/v2\/media?parent=19"}],"curies":[{"name":"wp","href":"https:\/\/api.w.org\/{rel}","templated":true}]}}